{"id":863,"date":"2026-02-16T16:26:43","date_gmt":"2026-02-16T16:26:43","guid":{"rendered":"https:\/\/estudiosmujer.xoc.uam.mx\/?page_id=863"},"modified":"2026-02-20T01:05:32","modified_gmt":"2026-02-20T01:05:32","slug":"ana-lau-jaiven","status":"publish","type":"page","link":"https:\/\/estudiosmujer.xoc.uam.mx\/?page_id=863","title":{"rendered":"Ana Lau Jaiven"},"content":{"rendered":"\n<figure class=\"wp-block-image size-large is-resized is-style-rounded\"><img loading=\"lazy\" decoding=\"async\" width=\"819\" height=\"1024\" src=\"https:\/\/estudiosmujer.xoc.uam.mx\/wp-content\/uploads\/2026\/02\/632951912_1330571222431294_8248274406085246983_n-819x1024.jpg\" alt=\"\" class=\"wp-image-1556\" style=\"aspect-ratio:1;object-fit:cover;width:550px\" srcset=\"https:\/\/estudiosmujer.xoc.uam.mx\/wp-content\/uploads\/2026\/02\/632951912_1330571222431294_8248274406085246983_n-819x1024.jpg 819w, https:\/\/estudiosmujer.xoc.uam.mx\/wp-content\/uploads\/2026\/02\/632951912_1330571222431294_8248274406085246983_n-240x300.jpg 240w, https:\/\/estudiosmujer.xoc.uam.mx\/wp-content\/uploads\/2026\/02\/632951912_1330571222431294_8248274406085246983_n-768x960.jpg 768w, https:\/\/estudiosmujer.xoc.uam.mx\/wp-content\/uploads\/2026\/02\/632951912_1330571222431294_8248274406085246983_n-1229x1536.jpg 1229w, https:\/\/estudiosmujer.xoc.uam.mx\/wp-content\/uploads\/2026\/02\/632951912_1330571222431294_8248274406085246983_n.jpg 1366w\" sizes=\"auto, (max-width: 819px) 100vw, 819px\" \/><\/figure>\n\n\n\n<div class=\"wp-block-group has-medium-font-size\"><div class=\"wp-block-group__inner-container is-layout-constrained wp-block-group-is-layout-constrained\">\n<h2 class=\"wp-block-heading\"><strong>Grados acad\u00e9micos<\/strong><\/h2>\n\n\n\n<ul class=\"wp-block-list\">\n<li class=\"has-medium-font-size\" style=\"font-style:normal;font-weight:300\">Doctora en Historia (Universidad Iberoamericana)<\/li>\n\n\n\n<li class=\"has-medium-font-size\" style=\"font-style:normal;font-weight:300\">Licenciada y Maestra en Historia (Colegio de Historia, Facultad de Filosof\u00eda y Letras, UNAM)<\/li>\n\n\n\n<li class=\"has-medium-font-size\" style=\"font-style:normal;font-weight:300\">Especialidad en Estudios de la Mujer (Universidad Aut\u00f3noma Metropolitana, Unidad Xochimilco)<\/li>\n<\/ul>\n<\/div><\/div>\n\n\n\n<div class=\"wp-block-group\"><div class=\"wp-block-group__inner-container is-layout-constrained wp-block-group-is-layout-constrained\">\n<h2 class=\"wp-block-heading\"><strong>\u00c1reas de investigaci\u00f3n<\/strong><\/h2>\n\n\n\n<ul class=\"wp-block-list\">\n<li class=\"has-medium-font-size\" style=\"font-style:normal;font-weight:300\">Feminismo, cultura y pol\u00edtica desde el Sur Global<\/li>\n\n\n\n<li class=\"has-medium-font-size\" style=\"font-style:normal;font-weight:300\">Feminismos, g\u00e9nero y arte popular<\/li>\n\n\n\n<li class=\"has-medium-font-size\" style=\"font-style:normal;font-weight:300\">G\u00e9nero, naci\u00f3n y ciudadan\u00eda<\/li>\n\n\n\n<li class=\"has-medium-font-size\" style=\"font-style:normal;font-weight:300\">Historia de las mujeres y del feminismo en M\u00e9xico durante los siglos XIX a XXI<\/li>\n\n\n\n<li class=\"has-medium-font-size\" style=\"font-style:normal;font-weight:300\">Movimientos feministas y sufragistas<\/li>\n\n\n\n<li class=\"has-medium-font-size\" style=\"font-style:normal;font-weight:300\">Movimientos pol\u00edticos y pol\u00edticas p\u00fablicas<\/li>\n\n\n\n<li class=\"has-medium-font-size\" style=\"font-style:normal;font-weight:300\">Organizaci\u00f3n, protesta, movimientos, colectivos<\/li>\n\n\n\n<li class=\"has-medium-font-size\" style=\"font-style:normal;font-weight:300\">Pol\u00edticas de la memoria y g\u00e9nero<\/li>\n<\/ul>\n<\/div><\/div>\n\n\n\n<div class=\"wp-block-group\"><div class=\"wp-block-group__inner-container is-layout-constrained wp-block-group-is-layout-constrained\">\n<h2 class=\"wp-block-heading\"><strong>Semblanza<\/strong><\/h2>\n\n\n\n<p class=\"has-medium-font-size\" style=\"font-style:normal;font-weight:300\">Profesora investigadora adscrita a la Universidad Aut\u00f3noma Metropolitana, Unidad Xochimilco, desde 2001, donde imparte docencia a nivel licenciatura, maestr\u00eda y doctorado.<\/p>\n\n\n\n<p class=\"has-medium-font-size\" style=\"font-style:normal;font-weight:300\">Forma parte de los N\u00facleos B\u00e1sicos de la Maestr\u00eda en Estudios de la Mujer y del Doctorado en Estudios Feministas. Es integrante del \u00c1rea de Investigaci\u00f3n de Estudios Feministas (antes llamada Mujer, Identidad y Poder).  <\/p>\n\n\n\n<p class=\"has-medium-font-size\" style=\"font-style:normal;font-weight:300\">Fue Coordinadora del Doctorado en Estudios Feministas (2023-2025) y de la Maestr\u00eda en Estudios de la Mujer (2017-2021), as\u00ed como de los Posgrados de Ciencias Sociales y Humanidades (2005-2007). <\/p>\n\n\n\n<p class=\"has-medium-font-size\" style=\"font-style:normal;font-weight:300\">Es Investigadora Nacional Nivel I del Sistema Nacional de Investigadoras e Investigadores (SNII). Cuenta con perfil PRODEP (Programa para el Desarrollo Profesional Docente).<\/p>\n\n\n\n<p class=\"has-medium-font-size\" style=\"font-style:normal;font-weight:300\">En 2015 fue acreedora al Premio Clementina D\u00edaz y de Ovando en reconocimiento a su trayectoria en Historia Social, Cultural y de G\u00e9nero otorgado por la Secretar\u00eda de Educaci\u00f3n P\u00fablica y el Instituto de Estudios Hist\u00f3ricos de las Revoluciones de M\u00e9xico. <\/p>\n\n\n\n<p class=\"has-medium-font-size\" style=\"font-style:normal;font-weight:300\">Como historiadora ha investigado acerca de las mujeres en la revoluci\u00f3n mexicana a partir de la documentaci\u00f3n del Archivo Hist\u00f3rico de la Secretar\u00eda de la Defensa Nacional. Actualmente trabaja en una biograf\u00eda de Margarita Robles D\u00edaz, quien fue feminista y sufragista, con el que busca vincular dos de sus temas de estudio: sufragio de las mujeres y feminismos en M\u00e9xico.<\/p>\n\n\n\n<h2 class=\"wp-block-heading\"><strong>Algunas publicaciones relevantes<\/strong><\/h2>\n\n\n\n<ul class=\"wp-block-list\">\n<li class=\"has-medium-font-size\" style=\"font-style:normal;font-weight:300\"><strong>Art\u00edculo: <\/strong>Lau Jaiven, Ana; \u201c<a href=\"https:\/\/dialnet.unirioja.es\/servlet\/articulo?codigo=9017986\" target=\"_blank\" rel=\"noreferrer noopener\">El sufragio femenino mexicano a nivel internacional. Entre el latinoamericanismo y el panamericanismo<\/a>\u201d. <em>Historia Regional. Secci\u00f3n Historia<\/em>. Instituto Superior del Profesorado N\u00ba 3, Villa Constituci\u00f3n, A\u00f1o XXXVI, N\u00fam. 49, Mayo-Agosto, 2023, pp. 1-15, ISSNe 2469-0732 <\/li>\n\n\n\n<li class=\"has-medium-font-size\" style=\"font-style:normal;font-weight:300\"><strong>Libro: <\/strong>V\u00e1squez Monta\u00f1o, Margarita y Ana Lau Jaiven (coords.) <em><a href=\"https:\/\/inehrm.gob.mx\/es\/inehrm\/Historia_de_las_mujeres_en_Mexico_panoramicas_abordajes_y_aproximaciones\" target=\"_blank\" rel=\"noreferrer noopener\">Historias de las mujeres en M\u00e9xico <\/a><\/em>(3 tomos). Instituto Nacional de Estudios Hist\u00f3ricos de las Revoluciones de M\u00e9xico, M\u00e9xico, 2024<\/li>\n\n\n\n<li class=\"has-medium-font-size\" style=\"font-style:normal;font-weight:300\"><strong>Art\u00edculo: <\/strong>Lau Jaiven, Ana; \u00abUna pandemia m\u00e1s. La violencia de g\u00e9nero en el marco de los feminismos mexicanos\u00bb. <em>Korpus <\/em>21, Vol. 2, N\u00fam. 4, 2022, pp. 243-255, DOI: <a href=\"http:\/\/dx.doi.org\/10.22136\/korpus21202267 \">http:\/\/dx.doi.org\/10.22136\/korpus21202267 <\/a><\/li>\n\n\n\n<li class=\"has-medium-font-size\" style=\"font-style:normal;font-weight:300\"><strong>Cap\u00edtulo de libro: <\/strong>Lau Jaiven, Ana; \u201c&#8217;Ni preferentemente Masculino ni parcialmente Femenino&#8217;. Los debates por el sufragio femenino en M\u00e9xico, 1917-1953&#8243; , en Margarita V\u00e1zquez Monta\u00f1o y Ana Lau Jaiven (coords.) <em>Historias de las mujeres en M\u00e9xico <\/em>(Tomo 2). Instituto Nacional de Estudios Hist\u00f3ricos de las Revoluciones de M\u00e9xico, M\u00e9xico, 2024, pp. 165-192.<\/li>\n\n\n\n<li class=\"has-medium-font-size\" style=\"font-style:normal;font-weight:300\"><strong>Libro<\/strong>: Espinosa Dami\u00e1n, Gisela y Ana Lau Jaiven. <em>Un fantasma recorre el siglo: luchas feministas en M\u00e9xico 1910-2010<\/em>. Universidad Aut\u00f3noma Metropolitana, Unidad Xochimilco, DCSH\/UAM-X \/ El Colegio de la Frontera Sur \/ Editorial Itaca. M\u00e9xico, 2014.<\/li>\n<\/ul>\n\n\n\n<p class=\"has-medium-font-size\" style=\"font-style:normal;font-weight:500\"><a href=\"https:\/\/scholar.google.com\/scholar?hl=es&amp;as_sdt=0%2C5&amp;q=AL+Jaiven&amp;btnG=\" target=\"_blank\" rel=\"noreferrer noopener\">Perfil de Google Acad\u00e9mico<\/a><\/p>\n<\/div><\/div>\n","protected":false},"excerpt":{"rendered":"<p>Grados acad\u00e9micos \u00c1reas de investigaci\u00f3n Semblanza Profesora investigadora adscrita a la Universidad Aut\u00f3noma Metropolitana, Unidad Xochimilco, desde 2001, donde imparte docencia a nivel licenciatura, maestr\u00eda y doctorado. Forma parte de los N\u00facleos B\u00e1sicos de la Maestr\u00eda en Estudios de la Mujer y del Doctorado en Estudios Feministas. Es integrante del \u00c1rea de Investigaci\u00f3n de Estudios [&hellip;]<\/p>\n","protected":false},"author":1,"featured_media":0,"parent":0,"menu_order":0,"comment_status":"closed","ping_status":"closed","template":"","meta":{"footnotes":""},"class_list":["post-863","page","type-page","status-publish","hentry"],"_links":{"self":[{"href":"https:\/\/estudiosmujer.xoc.uam.mx\/index.php?rest_route=\/wp\/v2\/pages\/863","targetHints":{"allow":["GET"]}}],"collection":[{"href":"https:\/\/estudiosmujer.xoc.uam.mx\/index.php?rest_route=\/wp\/v2\/pages"}],"about":[{"href":"https:\/\/estudiosmujer.xoc.uam.mx\/index.php?rest_route=\/wp\/v2\/types\/page"}],"author":[{"embeddable":true,"href":"https:\/\/estudiosmujer.xoc.uam.mx\/index.php?rest_route=\/wp\/v2\/users\/1"}],"replies":[{"embeddable":true,"href":"https:\/\/estudiosmujer.xoc.uam.mx\/index.php?rest_route=%2Fwp%2Fv2%2Fcomments&post=863"}],"version-history":[{"count":17,"href":"https:\/\/estudiosmujer.xoc.uam.mx\/index.php?rest_route=\/wp\/v2\/pages\/863\/revisions"}],"predecessor-version":[{"id":1599,"href":"https:\/\/estudiosmujer.xoc.uam.mx\/index.php?rest_route=\/wp\/v2\/pages\/863\/revisions\/1599"}],"wp:attachment":[{"href":"https:\/\/estudiosmujer.xoc.uam.mx\/index.php?rest_route=%2Fwp%2Fv2%2Fmedia&parent=863"}],"curies":[{"name":"wp","href":"https:\/\/api.w.org\/{rel}","templated":true}]}}