{"id":7,"date":"2017-07-13T23:23:28","date_gmt":"2017-07-13T23:23:28","guid":{"rendered":"http:\/\/estudiosfeministas.xoc.uam.mx\/?page_id=7"},"modified":"2026-02-19T17:00:59","modified_gmt":"2026-02-19T17:00:59","slug":"nuestro-posgrado","status":"publish","type":"page","link":"https:\/\/estudiosmujer.xoc.uam.mx\/?page_id=7","title":{"rendered":"Nuestro Posgrado"},"content":{"rendered":"\n<p class=\"has-medium-font-size\" style=\"font-style:normal;font-weight:300\"><span>La Maestr\u00eda en Estudios de la Mujer forma parte del Sistema Nacional de Posgrados (SNP) de la Secretar\u00eda de Ciencia, Humanidades, Tecnolog\u00eda e Innovaci\u00f3n, con <strong>Orientaci\u00f3n a la Investigaci\u00f3n<\/strong>. <\/span><\/p>\n\n\n<div class=\"wp-block-image is-style-rounded\">\n<figure class=\"alignright size-full is-resized\"><img loading=\"lazy\" decoding=\"async\" width=\"2048\" height=\"1536\" src=\"https:\/\/estudiosmujer.xoc.uam.mx\/wp-content\/uploads\/2026\/02\/480458745_1103853421541291_1076296207989138737_n.jpg\" alt=\"Conmemoraci\u00f3n de los 25 a\u00f1os de la Maestr\u00eda en Estudios de la Mujer. \" class=\"wp-image-1474\" style=\"aspect-ratio:1.3333671271068306;width:684px;height:auto\" srcset=\"https:\/\/estudiosmujer.xoc.uam.mx\/wp-content\/uploads\/2026\/02\/480458745_1103853421541291_1076296207989138737_n.jpg 2048w, https:\/\/estudiosmujer.xoc.uam.mx\/wp-content\/uploads\/2026\/02\/480458745_1103853421541291_1076296207989138737_n-300x225.jpg 300w, https:\/\/estudiosmujer.xoc.uam.mx\/wp-content\/uploads\/2026\/02\/480458745_1103853421541291_1076296207989138737_n-1024x768.jpg 1024w, https:\/\/estudiosmujer.xoc.uam.mx\/wp-content\/uploads\/2026\/02\/480458745_1103853421541291_1076296207989138737_n-768x576.jpg 768w, https:\/\/estudiosmujer.xoc.uam.mx\/wp-content\/uploads\/2026\/02\/480458745_1103853421541291_1076296207989138737_n-1536x1152.jpg 1536w\" sizes=\"auto, (max-width: 2048px) 100vw, 2048px\" \/><\/figure>\n<\/div>\n\n\n<p class=\"has-medium-font-size\" style=\"font-style:normal;font-weight:300\"><span>Es un posgrado dirigido a personas interesadas en comprender, investigar y trabajar temas relacionados con la articulaci\u00f3n y ordenamiento de la sociedad basada en el g\u00e9nero; a especialistas que buscan adquirir o perfeccionar sus herramientas te\u00f3rico-metodol\u00f3gicas, as\u00ed como a personas que laboran en programas gubernamentales y no gubernamentales cuya orientaci\u00f3n es la investigaci\u00f3n sobre las mujeres y los estudios feministas y de g\u00e9nero<\/span>. <span>Forma personas en la investigaci\u00f3n, para indagar e intervenir en la soluci\u00f3n de los grandes problemas nacionales, utilizando una perspectiva feminista; y para contribuir a la producci\u00f3n, aplicaci\u00f3n y transmisi\u00f3n del conocimiento en materia de estudios de la mujer y de g\u00e9nero.<\/span><\/p>\n\n\n\n<p><\/p>\n\n\n\n<h2 class=\"wp-block-heading\"><span style=\"color: #320880;\">Objetivo General<\/span><\/h2>\n\n\n\n<p class=\"has-medium-font-size\" style=\"font-style:normal;font-weight:300\"><span>Formar especialistas con orientaci\u00f3n a la investigaci\u00f3n, capaces de indagar a profundidad temas de los estudios de las mujeres, feministas y de g\u00e9nero, capaces de aportar nuevos conocimientos a la academia, a las instituciones p\u00fablicas o privadas nacionales e internacionales, que permitan avanzar en el an\u00e1lisis de las diversas realidades de las mujeres y de las relaciones de grupos e individuos basadas en el g\u00e9nero<\/span><\/p>\n\n\n\n<h2 class=\"wp-block-heading\"><span style=\"color: #320880;\">Objetivos Espec\u00edficos<\/span><\/h2>\n\n\n\n<ul class=\"wp-block-list\">\n<li class=\"has-medium-font-size\" style=\"font-style:normal;font-weight:300\">Obtener los conocimientos necesarios para profundizar en el estudio y el an\u00e1lisis de la problem\u00e1tica de las mujeres y de las relaciones entre los g\u00e9neros.<\/li>\n\n\n\n<li class=\"has-medium-font-size\" style=\"font-style:normal;font-weight:300\">Adquirir herramientas te\u00f3ricas para desarrollar estudios cient\u00edficos y human\u00edsticos en los estudios de las mujeres, feministas y de g\u00e9nero.<\/li>\n\n\n\n<li class=\"has-medium-font-size\" style=\"font-style:normal;font-weight:300\">Analizar, comparar y manejar las corrientes del pensamiento feminista contempor\u00e1neo.<\/li>\n\n\n\n<li class=\"has-medium-font-size\" style=\"font-style:normal;font-weight:300\">Analizar y aplicar los debates te\u00f3rico-metodol\u00f3gicos generados en torno a los principales temas sobre la condici\u00f3n de las mujeres.<\/li>\n\n\n\n<li class=\"has-medium-font-size\" style=\"font-style:normal;font-weight:300\">Conocer y utilizar m\u00e9todos y t\u00e9cnicas de investigaci\u00f3n feministas.<\/li>\n<\/ul>\n","protected":false},"excerpt":{"rendered":"<p>La Maestr\u00eda en Estudios de la Mujer forma parte del Sistema Nacional de Posgrados (SNP) de la Secretar\u00eda de Ciencia, Humanidades, Tecnolog\u00eda e Innovaci\u00f3n, con Orientaci\u00f3n a la Investigaci\u00f3n. Es un posgrado dirigido a personas interesadas en comprender, investigar y trabajar temas relacionados con la articulaci\u00f3n y ordenamiento de la sociedad basada en el g\u00e9nero; [&hellip;]<\/p>\n","protected":false},"author":1,"featured_media":0,"parent":0,"menu_order":0,"comment_status":"closed","ping_status":"closed","template":"template-fullwidth.php","meta":{"footnotes":""},"class_list":["post-7","page","type-page","status-publish","hentry"],"_links":{"self":[{"href":"https:\/\/estudiosmujer.xoc.uam.mx\/index.php?rest_route=\/wp\/v2\/pages\/7","targetHints":{"allow":["GET"]}}],"collection":[{"href":"https:\/\/estudiosmujer.xoc.uam.mx\/index.php?rest_route=\/wp\/v2\/pages"}],"about":[{"href":"https:\/\/estudiosmujer.xoc.uam.mx\/index.php?rest_route=\/wp\/v2\/types\/page"}],"author":[{"embeddable":true,"href":"https:\/\/estudiosmujer.xoc.uam.mx\/index.php?rest_route=\/wp\/v2\/users\/1"}],"replies":[{"embeddable":true,"href":"https:\/\/estudiosmujer.xoc.uam.mx\/index.php?rest_route=%2Fwp%2Fv2%2Fcomments&post=7"}],"version-history":[{"count":21,"href":"https:\/\/estudiosmujer.xoc.uam.mx\/index.php?rest_route=\/wp\/v2\/pages\/7\/revisions"}],"predecessor-version":[{"id":1579,"href":"https:\/\/estudiosmujer.xoc.uam.mx\/index.php?rest_route=\/wp\/v2\/pages\/7\/revisions\/1579"}],"wp:attachment":[{"href":"https:\/\/estudiosmujer.xoc.uam.mx\/index.php?rest_route=%2Fwp%2Fv2%2Fmedia&parent=7"}],"curies":[{"name":"wp","href":"https:\/\/api.w.org\/{rel}","templated":true}]}}