{"id":50,"date":"2017-07-17T22:38:08","date_gmt":"2017-07-17T22:38:08","guid":{"rendered":"http:\/\/estudiosfeministas.xoc.uam.mx\/?page_id=50"},"modified":"2026-01-16T20:16:53","modified_gmt":"2026-01-16T20:16:53","slug":"directorio","status":"publish","type":"page","link":"https:\/\/estudiosmujer.xoc.uam.mx\/?page_id=50","title":{"rendered":"Directorio"},"content":{"rendered":"\n<div class=\"wp-block-group\"><div class=\"wp-block-group__inner-container is-layout-constrained wp-block-group-is-layout-constrained\">\n<h1 class=\"wp-block-heading has-text-color has-link-color wp-elements-11494c5504757fa92d05173c4b0a1fba\" style=\"color:#6b0bc4\"><strong>Universidad Aut\u00f3noma Metropolitana<\/strong><\/h1>\n\n\n\n<h2 class=\"wp-block-heading\"><strong><em>Rector\u00eda General<\/em><\/strong><\/h2>\n\n\n\n<h2 class=\"wp-block-heading\">Dr. Gustavo Pacheco L\u00f3pez<\/h2>\n\n\n\n<h2 class=\"wp-block-heading\"><strong><em>Secretar\u00eda General<\/em><\/strong><\/h2>\n\n\n\n<h2 class=\"wp-block-heading\">Dra. Esthela Irene Sotelo N\u00fa\u00f1ez<\/h2>\n<\/div><\/div>\n\n\n\n<p><\/p>\n\n\n\n<div class=\"wp-block-group\"><div class=\"wp-block-group__inner-container is-layout-constrained wp-block-group-is-layout-constrained\">\n<h1 class=\"wp-block-heading has-text-color has-link-color wp-elements-7046d520a6db291174217a779980580d\" style=\"color:#6b0bc4\"><strong>Unidad Xochimilco<\/strong><\/h1>\n\n\n\n<h2 class=\"wp-block-heading\"><em><strong>Rector\u00eda de Unidad<\/strong><\/em><\/h2>\n\n\n\n<h2 class=\"wp-block-heading\">Dra. Mar\u00eda Ang\u00e9lica Buend\u00eda Espinosa<\/h2>\n\n\n\n<h2 class=\"wp-block-heading\"><strong><em>Secretar\u00eda de Unidad<\/em><\/strong><\/h2>\n\n\n\n<h2 class=\"wp-block-heading\">Dra. Irma Gabriela Anaya Saavedra<\/h2>\n<\/div><\/div>\n\n\n\n<p><\/p>\n\n\n\n<div class=\"wp-block-group\"><div class=\"wp-block-group__inner-container is-layout-constrained wp-block-group-is-layout-constrained\">\n<h1 class=\"wp-block-heading has-text-color has-link-color wp-elements-3fe3471f39c81108de2634ff7f56f244\" style=\"color:#6b0bc4\"><strong>Divisi\u00f3n de Ciencias Sociales y Humanidades<\/strong><\/h1>\n\n\n\n<h2 class=\"wp-block-heading\"><strong><em>Direcci\u00f3n<\/em><\/strong><\/h2>\n\n\n\n<h2 class=\"wp-block-heading\">Dr. Leonel P\u00e9rez Exp\u00f3sito<\/h2>\n\n\n\n<h2 class=\"wp-block-heading\"><strong><em>Secretar\u00eda Acad\u00e9mica<\/em><\/strong><\/h2>\n\n\n\n<h2 class=\"wp-block-heading\">Dr. Roberto Escorcia Romo<\/h2>\n<\/div><\/div>\n\n\n\n<p><\/p>\n\n\n\n<div class=\"wp-block-group\"><div class=\"wp-block-group__inner-container is-layout-constrained wp-block-group-is-layout-constrained\">\n<h1 class=\"wp-block-heading has-text-color has-link-color wp-elements-9fdc63db64df192ae2977a65da98f1a3\" style=\"color:#6b0bc4\"><strong>Maestr\u00eda en Estudios de la Mujer<\/strong><\/h1>\n\n\n\n<h2 class=\"wp-block-heading\"><strong><em>Coordinaci\u00f3n<\/em><\/strong><\/h2>\n\n\n\n<h2 class=\"wp-block-heading\">Dra. Eva Alc\u00e1ntara Zavala<\/h2>\n\n\n\n<h2 class=\"wp-block-heading\"><strong><em>Ayudant\u00eda<\/em><\/strong><\/h2>\n\n\n\n<h2 class=\"wp-block-heading\">Mtra. Mar\u00eda Alejandra S\u00e1nchez Monroy<\/h2>\n\n\n\n<h2 class=\"wp-block-heading\"><strong><em>Asistente<\/em><\/strong><\/h2>\n\n\n\n<h2 class=\"wp-block-heading\">Miriam P\u00e9rez Rule<\/h2>\n<\/div><\/div>\n","protected":false},"excerpt":{"rendered":"<p>Universidad Aut\u00f3noma Metropolitana Rector\u00eda General Dr. Gustavo Pacheco L\u00f3pez Secretar\u00eda General Dra. Esthela Irene Sotelo N\u00fa\u00f1ez Unidad Xochimilco Rector\u00eda de Unidad Dra. Mar\u00eda Ang\u00e9lica Buend\u00eda Espinosa Secretar\u00eda de Unidad Dra. Irma Gabriela Anaya Saavedra Divisi\u00f3n de Ciencias Sociales y Humanidades Direcci\u00f3n Dr. Leonel P\u00e9rez Exp\u00f3sito Secretar\u00eda Acad\u00e9mica Dr. Roberto Escorcia Romo Maestr\u00eda en Estudios de [&hellip;]<\/p>\n","protected":false},"author":1,"featured_media":0,"parent":0,"menu_order":0,"comment_status":"closed","ping_status":"closed","template":"template-fullwidth.php","meta":{"footnotes":""},"class_list":["post-50","page","type-page","status-publish","hentry"],"_links":{"self":[{"href":"https:\/\/estudiosmujer.xoc.uam.mx\/index.php?rest_route=\/wp\/v2\/pages\/50","targetHints":{"allow":["GET"]}}],"collection":[{"href":"https:\/\/estudiosmujer.xoc.uam.mx\/index.php?rest_route=\/wp\/v2\/pages"}],"about":[{"href":"https:\/\/estudiosmujer.xoc.uam.mx\/index.php?rest_route=\/wp\/v2\/types\/page"}],"author":[{"embeddable":true,"href":"https:\/\/estudiosmujer.xoc.uam.mx\/index.php?rest_route=\/wp\/v2\/users\/1"}],"replies":[{"embeddable":true,"href":"https:\/\/estudiosmujer.xoc.uam.mx\/index.php?rest_route=%2Fwp%2Fv2%2Fcomments&post=50"}],"version-history":[{"count":25,"href":"https:\/\/estudiosmujer.xoc.uam.mx\/index.php?rest_route=\/wp\/v2\/pages\/50\/revisions"}],"predecessor-version":[{"id":1368,"href":"https:\/\/estudiosmujer.xoc.uam.mx\/index.php?rest_route=\/wp\/v2\/pages\/50\/revisions\/1368"}],"wp:attachment":[{"href":"https:\/\/estudiosmujer.xoc.uam.mx\/index.php?rest_route=%2Fwp%2Fv2%2Fmedia&parent=50"}],"curies":[{"name":"wp","href":"https:\/\/api.w.org\/{rel}","templated":true}]}}