{"id":1463,"date":"2026-02-16T17:53:11","date_gmt":"2026-02-16T17:53:11","guid":{"rendered":"https:\/\/estudiosmujer.xoc.uam.mx\/?page_id=1463"},"modified":"2026-02-17T16:34:30","modified_gmt":"2026-02-17T16:34:30","slug":"guadalupe-huacuz-elias","status":"publish","type":"page","link":"https:\/\/estudiosmujer.xoc.uam.mx\/?page_id=1463","title":{"rendered":"Guadalupe Huacuz El\u00edas"},"content":{"rendered":"\n<figure class=\"wp-block-image size-full is-resized is-style-rounded\"><img loading=\"lazy\" decoding=\"async\" width=\"1639\" height=\"2048\" src=\"https:\/\/estudiosmujer.xoc.uam.mx\/wp-content\/uploads\/2026\/02\/633752615_1330571275764622_7083197005491231508_n.jpg\" alt=\"\" class=\"wp-image-1546\" style=\"aspect-ratio:1;object-fit:cover;width:600px;height:auto\" srcset=\"https:\/\/estudiosmujer.xoc.uam.mx\/wp-content\/uploads\/2026\/02\/633752615_1330571275764622_7083197005491231508_n.jpg 1639w, https:\/\/estudiosmujer.xoc.uam.mx\/wp-content\/uploads\/2026\/02\/633752615_1330571275764622_7083197005491231508_n-240x300.jpg 240w, https:\/\/estudiosmujer.xoc.uam.mx\/wp-content\/uploads\/2026\/02\/633752615_1330571275764622_7083197005491231508_n-820x1024.jpg 820w, https:\/\/estudiosmujer.xoc.uam.mx\/wp-content\/uploads\/2026\/02\/633752615_1330571275764622_7083197005491231508_n-768x960.jpg 768w, https:\/\/estudiosmujer.xoc.uam.mx\/wp-content\/uploads\/2026\/02\/633752615_1330571275764622_7083197005491231508_n-1229x1536.jpg 1229w\" sizes=\"auto, (max-width: 1639px) 100vw, 1639px\" \/><\/figure>\n\n\n\n<h2 class=\"wp-block-heading\"><strong>Grados acad\u00e9micos<\/strong><\/h2>\n\n\n\n<ul class=\"wp-block-list\">\n<li class=\"has-medium-font-size\" style=\"font-style:normal;font-weight:300\">Doctora en Antropolog\u00eda (Escuela Nacional de Antropolog\u00eda e Historia)<\/li>\n\n\n\n<li class=\"has-medium-font-size\" style=\"font-style:normal;font-weight:300\">Maestr\u00eda en Historia del Arte (Universidad Nacional Aut\u00f3noma de M\u00e9xico)<\/li>\n\n\n\n<li class=\"has-medium-font-size\" style=\"font-style:normal;font-weight:300\">Licenciatura en Derecho (Universidad Michoacana de San Nicol\u00e1s de Hidalgo)<\/li>\n<\/ul>\n\n\n\n<h2 class=\"wp-block-heading\"><strong>\u00c1reas de investigaci\u00f3n<\/strong><\/h2>\n\n\n\n<ul class=\"wp-block-list\">\n<li class=\"has-medium-font-size\" style=\"font-style:normal;font-weight:300\">Acceso a la justicia para las mujeres.<\/li>\n\n\n\n<li class=\"has-medium-font-size\" style=\"font-style:normal;font-weight:300\">Derechos humanos y pol\u00edticas p\u00fablicas. <\/li>\n\n\n\n<li class=\"has-medium-font-size\" style=\"font-style:normal;font-weight:300\">Diversidad sexo-gen\u00e9rica.<\/li>\n\n\n\n<li class=\"has-medium-font-size\" style=\"font-style:normal;font-weight:300\">Violencia faloc\u00e9ntrica y por razones de g\u00e9nero y acceso a la justicia para las mujeres.<\/li>\n<\/ul>\n\n\n\n<h2 class=\"wp-block-heading\"><strong>Semblanza<\/strong><\/h2>\n\n\n\n<p class=\"has-text-align-left has-medium-font-size\" style=\"font-style:normal;font-weight:300\">Profesora titular adscrita al Departamento de Pol\u00edtica y Cultura. Se desempe\u00f1\u00f3 como titular de la Defensor\u00eda de los Derechos Universitarios de la Universidad Aut\u00f3noma Metropolitana (2020-2024). Ha trabajado en proyectos de investigaci\u00f3n con Instituciones gubernamentales, ONGs y acad\u00e9micas, nacionales e internacionales.<\/p>\n\n\n\n<p class=\"has-text-align-left has-medium-font-size\" style=\"font-style:normal;font-weight:300\">Ha publicado o coordinado los libros:<\/p>\n\n\n\n<ul class=\"wp-block-list\">\n<li class=\"has-medium-font-size\" style=\"font-style:normal;font-weight:300\">\u00bfViolencia de g\u00e9nero o violencia faloc\u00e9ntrica? Variaciones sobre un sis\/tema complejo (Cultura \/ INAH, 2018)<\/li>\n\n\n\n<li class=\"has-medium-font-size\" style=\"font-style:normal;font-weight:300\">Mujeres, feminismo y arte popular (Obra Abierta Ediciones, 2015) coord. con Eli Bartra. <\/li>\n\n\n\n<li class=\"has-medium-font-size\" style=\"font-style:normal;font-weight:300\">La bifurcaci\u00f3n del caos. Re-flexiones interdisciplinarias sobre violencia faloc\u00e9ntrica (UAM, 2011)<\/li>\n<\/ul>\n\n\n\n<p class=\"has-text-align-left has-medium-font-size\" style=\"font-style:normal;font-weight:300\">Cuenta con perfil PRODEP.  <\/p>\n\n\n\n<p class=\"has-text-align-left has-medium-font-size\" style=\"font-style:normal;font-weight:300\"><a href=\"https:\/\/scholar.google.com\/scholar?hl=es&amp;as_sdt=0%2C5&amp;q=Mar%C3%ADa+Guadalupe+Huacuz+El%C3%ADas&amp;btnG=\" target=\"_blank\" rel=\"noreferrer noopener\">Perfil de Google Acad\u00e9mico<\/a><\/p>\n","protected":false},"excerpt":{"rendered":"<p>Grados acad\u00e9micos \u00c1reas de investigaci\u00f3n Semblanza Profesora titular adscrita al Departamento de Pol\u00edtica y Cultura. Se desempe\u00f1\u00f3 como titular de la Defensor\u00eda de los Derechos Universitarios de la Universidad Aut\u00f3noma Metropolitana (2020-2024). Ha trabajado en proyectos de investigaci\u00f3n con Instituciones gubernamentales, ONGs y acad\u00e9micas, nacionales e internacionales. Ha publicado o coordinado los libros: Cuenta con [&hellip;]<\/p>\n","protected":false},"author":1,"featured_media":0,"parent":0,"menu_order":0,"comment_status":"closed","ping_status":"closed","template":"","meta":{"footnotes":""},"class_list":["post-1463","page","type-page","status-publish","hentry"],"_links":{"self":[{"href":"https:\/\/estudiosmujer.xoc.uam.mx\/index.php?rest_route=\/wp\/v2\/pages\/1463","targetHints":{"allow":["GET"]}}],"collection":[{"href":"https:\/\/estudiosmujer.xoc.uam.mx\/index.php?rest_route=\/wp\/v2\/pages"}],"about":[{"href":"https:\/\/estudiosmujer.xoc.uam.mx\/index.php?rest_route=\/wp\/v2\/types\/page"}],"author":[{"embeddable":true,"href":"https:\/\/estudiosmujer.xoc.uam.mx\/index.php?rest_route=\/wp\/v2\/users\/1"}],"replies":[{"embeddable":true,"href":"https:\/\/estudiosmujer.xoc.uam.mx\/index.php?rest_route=%2Fwp%2Fv2%2Fcomments&post=1463"}],"version-history":[{"count":3,"href":"https:\/\/estudiosmujer.xoc.uam.mx\/index.php?rest_route=\/wp\/v2\/pages\/1463\/revisions"}],"predecessor-version":[{"id":1547,"href":"https:\/\/estudiosmujer.xoc.uam.mx\/index.php?rest_route=\/wp\/v2\/pages\/1463\/revisions\/1547"}],"wp:attachment":[{"href":"https:\/\/estudiosmujer.xoc.uam.mx\/index.php?rest_route=%2Fwp%2Fv2%2Fmedia&parent=1463"}],"curies":[{"name":"wp","href":"https:\/\/api.w.org\/{rel}","templated":true}]}}